{"id":18,"date":"2020-12-17T17:02:56","date_gmt":"2020-12-17T16:02:56","guid":{"rendered":"https:\/\/www.amediasolutions.fr\/blog\/?page_id=18"},"modified":"2021-04-07T17:13:42","modified_gmt":"2021-04-07T15:13:42","slug":"a-propos-de","status":"publish","type":"page","link":"https:\/\/www.amediasolutions.fr\/blog\/a-propos-de","title":{"rendered":"\u00c0 propos de"},"content":{"rendered":"\n<p>Vous \u00eates sur le blog d&rsquo;Amedia Solutions :\u00a0<a href=\"https:\/\/www.amediaoslutions.fr\/\">https:\/\/www.amediasolutions.fr<\/a><\/p>\n\n\n\n<p>Amedia Solutions est un prestataire informatique et un op\u00e9rateur t\u00e9l\u00e9com et int\u00e9grateur bas\u00e9 \u00e0 Brive (19) et Limoges (87). Ce blog recense toute nos actualit\u00e9s : articles de fond, d\u00e9ploiements, nouvelles diverses.<\/p>\n\n\n\n<p>N\u2019h\u00e9sitez pas \u00e0 partager tous nos billets sur les r\u00e9seaux.<\/p>\n","protected":false},"excerpt":{"rendered":"<p>Vous \u00eates sur le blog d&rsquo;Amedia Solutions :\u00a0https:\/\/www.amediasolutions.fr Amedia Solutions est un prestataire informatique et un op\u00e9rateur t\u00e9l\u00e9com et int\u00e9grateur bas\u00e9 \u00e0 Brive (19) et Limoges (87). Ce blog recense toute nos actualit\u00e9s : articles de fond, d\u00e9ploiements, nouvelles diverses. N\u2019h\u00e9sitez pas \u00e0 partager tous nos billets sur les r\u00e9seaux.<\/p>\n","protected":false},"author":1,"featured_media":0,"parent":0,"menu_order":0,"comment_status":"closed","ping_status":"closed","template":"","meta":{"footnotes":""},"class_list":["post-18","page","type-page","status-publish","hentry"],"aioseo_notices":[],"_links":{"self":[{"href":"https:\/\/www.amediasolutions.fr\/blog\/wp-json\/wp\/v2\/pages\/18","targetHints":{"allow":["GET"]}}],"collection":[{"href":"https:\/\/www.amediasolutions.fr\/blog\/wp-json\/wp\/v2\/pages"}],"about":[{"href":"https:\/\/www.amediasolutions.fr\/blog\/wp-json\/wp\/v2\/types\/page"}],"author":[{"embeddable":true,"href":"https:\/\/www.amediasolutions.fr\/blog\/wp-json\/wp\/v2\/users\/1"}],"replies":[{"embeddable":true,"href":"https:\/\/www.amediasolutions.fr\/blog\/wp-json\/wp\/v2\/comments?post=18"}],"version-history":[{"count":2,"href":"https:\/\/www.amediasolutions.fr\/blog\/wp-json\/wp\/v2\/pages\/18\/revisions"}],"predecessor-version":[{"id":293,"href":"https:\/\/www.amediasolutions.fr\/blog\/wp-json\/wp\/v2\/pages\/18\/revisions\/293"}],"wp:attachment":[{"href":"https:\/\/www.amediasolutions.fr\/blog\/wp-json\/wp\/v2\/media?parent=18"}],"curies":[{"name":"wp","href":"https:\/\/api.w.org\/{rel}","templated":true}]}}